{"id":3,"date":"2024-08-28T08:25:37","date_gmt":"2024-08-28T08:25:37","guid":{"rendered":"http:\/\/curo.fr\/?page_id=3"},"modified":"2025-01-25T21:04:20","modified_gmt":"2025-01-25T21:04:20","slug":"informacion-legal","status":"publish","type":"page","link":"https:\/\/curo.fr\/es\/mentions-legales\/","title":{"rendered":"Informaci\u00f3n jur\u00eddica"},"content":{"rendered":"<p>De conformidad con las disposiciones de la ley n\u00ba 2004-575 de 21 de junio de 2004 sobre la confianza en la econom\u00eda digital, se informa a los usuarios del sitio web del CURO de la identidad de las distintas partes implicadas en su creaci\u00f3n y seguimiento.<\/p>\n\n\n\n<h2 class=\"gb-headline gb-headline-a109d136 gb-headline-text\"><strong>Edici\u00f3n del sitio&nbsp;<\/strong><\/h2>\n\n\n\n<p>Este sitio, accesible en la URL <a href=\"https:\/\/curo.fr\/es\/\">https:\/\/curo.fr<\/a> (el \"Sitio\"), es publicado por :<br>DDIGITAL , sociedad con capital social de 300 euros, inscrita en el Registro Mercantil de Nanterre con el n\u00famero Nanterre B 909 520 884, con domicilio social en 41 rue Jean Bonal, 92250 La Garenne-Colombes, representada por Dylan SCHREIER, debidamente autorizado.<br>El n\u00famero de IVA individual del editor es: FR00909520884.<\/p>\n\n\n\n<h2 class=\"gb-headline gb-headline-9f7a8178 gb-headline-text\"><strong>Alojamiento<\/strong><\/h2>\n\n\n\n<p>El Sitio est\u00e1 alojado por Hostinger International LTD, con domicilio social en 61 Lordou Vironos Street, 6023 Larnaca, Chipre, y con quien puede ponerse en contacto de la siguiente manera:&nbsp;<a href=\"https:\/\/www.hostinger.fr\/contact\" target=\"_blank\" rel=\"noreferrer noopener\">https:\/\/www.hostinger.fr\/contact<\/a> (contacto por tel\u00e9fono o correo electr\u00f3nico: https:\/\/www.hostinger.fr\/contact).<\/p>\n\n\n\n<h2 class=\"gb-headline gb-headline-a56c637c gb-headline-text\"><strong>Director de publicaci\u00f3n&nbsp;<\/strong><\/h2>\n\n\n\n<p>El Director de Publicaciones del sitio es Dylan SCHREIER .<\/p>\n\n\n\n<h2 class=\"gb-headline gb-headline-6beed3a1 gb-headline-text\"><strong>P\u00f3ngase en contacto con nosotros&nbsp;<\/strong><\/h2>\n\n\n\n<p>Par email\u00a0: hello@ddigital.fr<br>Par courrier\u00a0: DDIGITAL, 41 rue Jean Bonal, 92250 La Garenne-Colombes<\/p>\n\n\n\n<h2 class=\"gb-headline gb-headline-d6e6d6fc gb-headline-text\"><strong>Datos personales<\/strong><\/h2>\n\n\n\n<p>El tratamiento de sus datos personales se rige por nuestra Carta de Privacidad, disponible en la secci\u00f3n \"Carta de Protecci\u00f3n de Datos Personales\", de conformidad con el Reglamento General de Protecci\u00f3n de Datos 2016\/679 de 27 de abril de 2016 (\"GDPR\").<\/p>\n\n\n\n<p>Generaci\u00f3n de avisos legales mediante <a href=\"https:\/\/www.legalstart.fr\/\">Legalstart<\/a>.<\/p>","protected":false},"excerpt":{"rendered":"<p>Conform\u00e9ment aux dispositions de la loi n\u00b0 2004-575 du 21 juin 2004 pour la confiance en l&rsquo;\u00e9conomie num\u00e9rique, il est pr\u00e9cis\u00e9 aux utilisateurs du site CURO l&rsquo;identit\u00e9 des diff\u00e9rents intervenants dans le cadre de sa r\u00e9alisation et de son suivi. Edition du site&nbsp; Le pr\u00e9sent site, accessible \u00e0 l\u2019URL https:\/\/curo.fr (le \u00ab Site \u00bb), est &#8230; <a title=\"Informaci\u00f3n jur\u00eddica\" class=\"read-more\" href=\"https:\/\/curo.fr\/es\/mentions-legales\/\" aria-label=\"Leer m\u00e1s sobre Mentions l\u00e9gales\">Leer m\u00e1s<\/a><\/p>","protected":false},"author":1,"featured_media":0,"parent":0,"menu_order":0,"comment_status":"closed","ping_status":"open","template":"","meta":{"footnotes":""},"class_list":["post-3","page","type-page","status-publish"],"yoast_head":"<!-- This site is optimized with the Yoast SEO plugin v27.3 - https:\/\/yoast.com\/product\/yoast-seo-wordpress\/ -->\n<title>Mentions l\u00e9gales - Curo<\/title>\n<meta name=\"robots\" content=\"index, follow, max-snippet:-1, max-image-preview:large, max-video-preview:-1\" \/>\n<link rel=\"canonical\" href=\"https:\/\/curo.fr\/es\/informacion-legal\/\" \/>\n<meta property=\"og:locale\" content=\"es_ES\" \/>\n<meta property=\"og:type\" content=\"article\" \/>\n<meta property=\"og:title\" content=\"Mentions l\u00e9gales - Curo\" \/>\n<meta property=\"og:description\" content=\"Conform\u00e9ment aux dispositions de la loi n\u00b0 2004-575 du 21 juin 2004 pour la confiance en l&rsquo;\u00e9conomie num\u00e9rique, il est pr\u00e9cis\u00e9 aux utilisateurs du site CURO l&rsquo;identit\u00e9 des diff\u00e9rents intervenants dans le cadre de sa r\u00e9alisation et de son suivi. Edition du site&nbsp; Le pr\u00e9sent site, accessible \u00e0 l\u2019URL https:\/\/curo.fr (le \u00ab Site \u00bb), est ... Leer m\u00e1s\" \/>\n<meta property=\"og:url\" content=\"https:\/\/curo.fr\/es\/informacion-legal\/\" \/>\n<meta property=\"og:site_name\" content=\"Curo\" \/>\n<meta property=\"article:modified_time\" content=\"2025-01-25T21:04:20+00:00\" \/>\n<meta name=\"twitter:card\" content=\"summary_large_image\" \/>\n<meta name=\"twitter:label1\" content=\"Tiempo de lectura\" \/>\n\t<meta name=\"twitter:data1\" content=\"2 minutos\" \/>\n<script type=\"application\/ld+json\" class=\"yoast-schema-graph\">{\"@context\":\"https:\\\/\\\/schema.org\",\"@graph\":[{\"@type\":\"WebPage\",\"@id\":\"https:\\\/\\\/curo.fr\\\/mentions-legales\\\/\",\"url\":\"https:\\\/\\\/curo.fr\\\/mentions-legales\\\/\",\"name\":\"Mentions l\u00e9gales - Curo\",\"isPartOf\":{\"@id\":\"https:\\\/\\\/curo.fr\\\/#website\"},\"datePublished\":\"2024-08-28T08:25:37+00:00\",\"dateModified\":\"2025-01-25T21:04:20+00:00\",\"breadcrumb\":{\"@id\":\"https:\\\/\\\/curo.fr\\\/mentions-legales\\\/#breadcrumb\"},\"inLanguage\":\"es\",\"potentialAction\":[{\"@type\":\"ReadAction\",\"target\":[\"https:\\\/\\\/curo.fr\\\/mentions-legales\\\/\"]}]},{\"@type\":\"BreadcrumbList\",\"@id\":\"https:\\\/\\\/curo.fr\\\/mentions-legales\\\/#breadcrumb\",\"itemListElement\":[{\"@type\":\"ListItem\",\"position\":1,\"name\":\"Home\",\"item\":\"https:\\\/\\\/curo.fr\\\/\"},{\"@type\":\"ListItem\",\"position\":2,\"name\":\"Mentions l\u00e9gales\"}]},{\"@type\":\"WebSite\",\"@id\":\"https:\\\/\\\/curo.fr\\\/#website\",\"url\":\"https:\\\/\\\/curo.fr\\\/\",\"name\":\"Curo\",\"description\":\"\",\"publisher\":{\"@id\":\"https:\\\/\\\/curo.fr\\\/#organization\"},\"potentialAction\":[{\"@type\":\"SearchAction\",\"target\":{\"@type\":\"EntryPoint\",\"urlTemplate\":\"https:\\\/\\\/curo.fr\\\/?s={search_term_string}\"},\"query-input\":{\"@type\":\"PropertyValueSpecification\",\"valueRequired\":true,\"valueName\":\"search_term_string\"}}],\"inLanguage\":\"es\"},{\"@type\":\"Organization\",\"@id\":\"https:\\\/\\\/curo.fr\\\/#organization\",\"name\":\"Curo\",\"url\":\"https:\\\/\\\/curo.fr\\\/\",\"logo\":{\"@type\":\"ImageObject\",\"inLanguage\":\"es\",\"@id\":\"https:\\\/\\\/curo.fr\\\/#\\\/schema\\\/logo\\\/image\\\/\",\"url\":\"https:\\\/\\\/curo.fr\\\/wp-content\\\/uploads\\\/2024\\\/10\\\/logo.png\",\"contentUrl\":\"https:\\\/\\\/curo.fr\\\/wp-content\\\/uploads\\\/2024\\\/10\\\/logo.png\",\"width\":390,\"height\":390,\"caption\":\"Curo\"},\"image\":{\"@id\":\"https:\\\/\\\/curo.fr\\\/#\\\/schema\\\/logo\\\/image\\\/\"}}]}<\/script>\n<!-- \/ Yoast SEO plugin. -->","yoast_head_json":{"title":"Informaci\u00f3n jur\u00eddica - Curo","robots":{"index":"index","follow":"follow","max-snippet":"max-snippet:-1","max-image-preview":"max-image-preview:large","max-video-preview":"max-video-preview:-1"},"canonical":"https:\/\/curo.fr\/es\/informacion-legal\/","og_locale":"es_ES","og_type":"article","og_title":"Mentions l\u00e9gales - Curo","og_description":"Conform\u00e9ment aux dispositions de la loi n\u00b0 2004-575 du 21 juin 2004 pour la confiance en l&rsquo;\u00e9conomie num\u00e9rique, il est pr\u00e9cis\u00e9 aux utilisateurs du site CURO l&rsquo;identit\u00e9 des diff\u00e9rents intervenants dans le cadre de sa r\u00e9alisation et de son suivi. Edition du site&nbsp; Le pr\u00e9sent site, accessible \u00e0 l\u2019URL https:\/\/curo.fr (le \u00ab Site \u00bb), est ... Leer m\u00e1s","og_url":"https:\/\/curo.fr\/es\/informacion-legal\/","og_site_name":"Curo","article_modified_time":"2025-01-25T21:04:20+00:00","twitter_card":"summary_large_image","twitter_misc":{"Tiempo de lectura":"2 minutos"},"schema":{"@context":"https:\/\/schema.org","@graph":[{"@type":"WebPage","@id":"https:\/\/curo.fr\/mentions-legales\/","url":"https:\/\/curo.fr\/mentions-legales\/","name":"Informaci\u00f3n jur\u00eddica - Curo","isPartOf":{"@id":"https:\/\/curo.fr\/#website"},"datePublished":"2024-08-28T08:25:37+00:00","dateModified":"2025-01-25T21:04:20+00:00","breadcrumb":{"@id":"https:\/\/curo.fr\/mentions-legales\/#breadcrumb"},"inLanguage":"es","potentialAction":[{"@type":"ReadAction","target":["https:\/\/curo.fr\/mentions-legales\/"]}]},{"@type":"BreadcrumbList","@id":"https:\/\/curo.fr\/mentions-legales\/#breadcrumb","itemListElement":[{"@type":"ListItem","position":1,"name":"Home","item":"https:\/\/curo.fr\/"},{"@type":"ListItem","position":2,"name":"Mentions l\u00e9gales"}]},{"@type":"WebSite","@id":"https:\/\/curo.fr\/#website","url":"https:\/\/curo.fr\/","name":"Curo","description":"","publisher":{"@id":"https:\/\/curo.fr\/#organization"},"potentialAction":[{"@type":"SearchAction","target":{"@type":"EntryPoint","urlTemplate":"https:\/\/curo.fr\/?s={search_term_string}"},"query-input":{"@type":"PropertyValueSpecification","valueRequired":true,"valueName":"search_term_string"}}],"inLanguage":"es"},{"@type":"Organization","@id":"https:\/\/curo.fr\/#organization","name":"Curo","url":"https:\/\/curo.fr\/","logo":{"@type":"ImageObject","inLanguage":"es","@id":"https:\/\/curo.fr\/#\/schema\/logo\/image\/","url":"https:\/\/curo.fr\/wp-content\/uploads\/2024\/10\/logo.png","contentUrl":"https:\/\/curo.fr\/wp-content\/uploads\/2024\/10\/logo.png","width":390,"height":390,"caption":"Curo"},"image":{"@id":"https:\/\/curo.fr\/#\/schema\/logo\/image\/"}}]}},"_links":{"self":[{"href":"https:\/\/curo.fr\/es\/wp-json\/wp\/v2\/pages\/3","targetHints":{"allow":["GET"]}}],"collection":[{"href":"https:\/\/curo.fr\/es\/wp-json\/wp\/v2\/pages"}],"about":[{"href":"https:\/\/curo.fr\/es\/wp-json\/wp\/v2\/types\/page"}],"author":[{"embeddable":true,"href":"https:\/\/curo.fr\/es\/wp-json\/wp\/v2\/users\/1"}],"replies":[{"embeddable":true,"href":"https:\/\/curo.fr\/es\/wp-json\/wp\/v2\/comments?post=3"}],"version-history":[{"count":8,"href":"https:\/\/curo.fr\/es\/wp-json\/wp\/v2\/pages\/3\/revisions"}],"predecessor-version":[{"id":2017,"href":"https:\/\/curo.fr\/es\/wp-json\/wp\/v2\/pages\/3\/revisions\/2017"}],"wp:attachment":[{"href":"https:\/\/curo.fr\/es\/wp-json\/wp\/v2\/media?parent=3"}],"curies":[{"name":"wp","href":"https:\/\/api.w.org\/{rel}","templated":true}]}}