{"id":3,"date":"2024-08-28T08:25:37","date_gmt":"2024-08-28T08:25:37","guid":{"rendered":"http:\/\/curo.fr\/?page_id=3"},"modified":"2025-01-25T21:04:20","modified_gmt":"2025-01-25T21:04:20","slug":"legal-information","status":"publish","type":"page","link":"https:\/\/curo.fr\/en\/mentions-legales\/","title":{"rendered":"Legal information"},"content":{"rendered":"<p>In accordance with the provisions of French law no. 2004-575 of 21 June 2004 on confidence in the digital economy, users of the CURO website are informed of the identity of the various parties involved in its creation and monitoring.<\/p>\n\n\n\n<h2 class=\"gb-headline gb-headline-a109d136 gb-headline-text\"><strong>Site editing&nbsp;<\/strong><\/h2>\n\n\n\n<p>This site, accessible at URL <a href=\"https:\/\/curo.fr\/en\/\">https:\/\/curo.fr<\/a> (the \"Site\"), is published by :<br>DDIGITAL , a company with share capital of 300 euros, registered with the Nanterre Trade and Companies Register under number Nanterre B 909 520 884, whose registered office is located at 41 rue Jean Bonal, 92250 La Garenne-Colombes, represented by Dylan SCHREIER, duly authorised.<br>The publisher's individual VAT number is: FR00909520884.<\/p>\n\n\n\n<h2 class=\"gb-headline gb-headline-9f7a8178 gb-headline-text\"><strong>Hosting<\/strong><\/h2>\n\n\n\n<p>The Site is hosted by Hostinger International LTD, whose registered office is at 61 Lordou Vironos Street, 6023 Larnaca, Cyprus, and which can be contacted as follows:&nbsp;<a href=\"https:\/\/www.hostinger.fr\/contact\" target=\"_blank\" rel=\"noreferrer noopener\">https:\/\/www.hostinger.fr\/contact<\/a> (contact by phone or email: https:\/\/www.hostinger.fr\/contact).<\/p>\n\n\n\n<h2 class=\"gb-headline gb-headline-a56c637c gb-headline-text\"><strong>Director of publication&nbsp;<\/strong><\/h2>\n\n\n\n<p>The Site's Publication Director is Dylan SCHREIER .<\/p>\n\n\n\n<h2 class=\"gb-headline gb-headline-6beed3a1 gb-headline-text\"><strong>Contact us&nbsp;<\/strong><\/h2>\n\n\n\n<p>Par email\u00a0: hello@ddigital.fr<br>Par courrier\u00a0: DDIGITAL, 41 rue Jean Bonal, 92250 La Garenne-Colombes<\/p>\n\n\n\n<h2 class=\"gb-headline gb-headline-d6e6d6fc gb-headline-text\"><strong>Personal data<\/strong><\/h2>\n\n\n\n<p>The processing of your personal data is governed by our Privacy Charter, available from the \"Personal Data Protection Charter\" section, in accordance with the General Data Protection Regulation 2016\/679 of 27 April 2016 (\"GDPR\").<\/p>\n\n\n\n<p>Generation of legal notices by <a href=\"https:\/\/www.legalstart.fr\/\">Legalstart<\/a>.<\/p>","protected":false},"excerpt":{"rendered":"<p>Conform\u00e9ment aux dispositions de la loi n\u00b0 2004-575 du 21 juin 2004 pour la confiance en l&rsquo;\u00e9conomie num\u00e9rique, il est pr\u00e9cis\u00e9 aux utilisateurs du site CURO l&rsquo;identit\u00e9 des diff\u00e9rents intervenants dans le cadre de sa r\u00e9alisation et de son suivi. Edition du site&nbsp; Le pr\u00e9sent site, accessible \u00e0 l\u2019URL https:\/\/curo.fr (le \u00ab Site \u00bb), est &#8230; <a title=\"Legal information\" class=\"read-more\" href=\"https:\/\/curo.fr\/en\/mentions-legales\/\" aria-label=\"Read more about Mentions l\u00e9gales\">Read more<\/a><\/p>","protected":false},"author":1,"featured_media":0,"parent":0,"menu_order":0,"comment_status":"closed","ping_status":"open","template":"","meta":{"footnotes":""},"class_list":["post-3","page","type-page","status-publish"],"yoast_head":"<!-- This site is optimized with the Yoast SEO plugin v27.3 - https:\/\/yoast.com\/product\/yoast-seo-wordpress\/ -->\n<title>Mentions l\u00e9gales - Curo<\/title>\n<meta name=\"robots\" content=\"index, follow, max-snippet:-1, max-image-preview:large, max-video-preview:-1\" \/>\n<link rel=\"canonical\" href=\"https:\/\/curo.fr\/en\/legal-information\/\" \/>\n<meta property=\"og:locale\" content=\"en_GB\" \/>\n<meta property=\"og:type\" content=\"article\" \/>\n<meta property=\"og:title\" content=\"Mentions l\u00e9gales - Curo\" \/>\n<meta property=\"og:description\" content=\"Conform\u00e9ment aux dispositions de la loi n\u00b0 2004-575 du 21 juin 2004 pour la confiance en l&rsquo;\u00e9conomie num\u00e9rique, il est pr\u00e9cis\u00e9 aux utilisateurs du site CURO l&rsquo;identit\u00e9 des diff\u00e9rents intervenants dans le cadre de sa r\u00e9alisation et de son suivi. Edition du site&nbsp; Le pr\u00e9sent site, accessible \u00e0 l\u2019URL https:\/\/curo.fr (le \u00ab Site \u00bb), est ... Read more\" \/>\n<meta property=\"og:url\" content=\"https:\/\/curo.fr\/en\/legal-information\/\" \/>\n<meta property=\"og:site_name\" content=\"Curo\" \/>\n<meta property=\"article:modified_time\" content=\"2025-01-25T21:04:20+00:00\" \/>\n<meta name=\"twitter:card\" content=\"summary_large_image\" \/>\n<meta name=\"twitter:label1\" content=\"Estimated reading time\" \/>\n\t<meta name=\"twitter:data1\" content=\"2 minutes\" \/>\n<script type=\"application\/ld+json\" class=\"yoast-schema-graph\">{\"@context\":\"https:\\\/\\\/schema.org\",\"@graph\":[{\"@type\":\"WebPage\",\"@id\":\"https:\\\/\\\/curo.fr\\\/mentions-legales\\\/\",\"url\":\"https:\\\/\\\/curo.fr\\\/mentions-legales\\\/\",\"name\":\"Mentions l\u00e9gales - Curo\",\"isPartOf\":{\"@id\":\"https:\\\/\\\/curo.fr\\\/#website\"},\"datePublished\":\"2024-08-28T08:25:37+00:00\",\"dateModified\":\"2025-01-25T21:04:20+00:00\",\"breadcrumb\":{\"@id\":\"https:\\\/\\\/curo.fr\\\/mentions-legales\\\/#breadcrumb\"},\"inLanguage\":\"en-GB\",\"potentialAction\":[{\"@type\":\"ReadAction\",\"target\":[\"https:\\\/\\\/curo.fr\\\/mentions-legales\\\/\"]}]},{\"@type\":\"BreadcrumbList\",\"@id\":\"https:\\\/\\\/curo.fr\\\/mentions-legales\\\/#breadcrumb\",\"itemListElement\":[{\"@type\":\"ListItem\",\"position\":1,\"name\":\"Home\",\"item\":\"https:\\\/\\\/curo.fr\\\/\"},{\"@type\":\"ListItem\",\"position\":2,\"name\":\"Mentions l\u00e9gales\"}]},{\"@type\":\"WebSite\",\"@id\":\"https:\\\/\\\/curo.fr\\\/#website\",\"url\":\"https:\\\/\\\/curo.fr\\\/\",\"name\":\"Curo\",\"description\":\"\",\"publisher\":{\"@id\":\"https:\\\/\\\/curo.fr\\\/#organization\"},\"potentialAction\":[{\"@type\":\"SearchAction\",\"target\":{\"@type\":\"EntryPoint\",\"urlTemplate\":\"https:\\\/\\\/curo.fr\\\/?s={search_term_string}\"},\"query-input\":{\"@type\":\"PropertyValueSpecification\",\"valueRequired\":true,\"valueName\":\"search_term_string\"}}],\"inLanguage\":\"en-GB\"},{\"@type\":\"Organization\",\"@id\":\"https:\\\/\\\/curo.fr\\\/#organization\",\"name\":\"Curo\",\"url\":\"https:\\\/\\\/curo.fr\\\/\",\"logo\":{\"@type\":\"ImageObject\",\"inLanguage\":\"en-GB\",\"@id\":\"https:\\\/\\\/curo.fr\\\/#\\\/schema\\\/logo\\\/image\\\/\",\"url\":\"https:\\\/\\\/curo.fr\\\/wp-content\\\/uploads\\\/2024\\\/10\\\/logo.png\",\"contentUrl\":\"https:\\\/\\\/curo.fr\\\/wp-content\\\/uploads\\\/2024\\\/10\\\/logo.png\",\"width\":390,\"height\":390,\"caption\":\"Curo\"},\"image\":{\"@id\":\"https:\\\/\\\/curo.fr\\\/#\\\/schema\\\/logo\\\/image\\\/\"}}]}<\/script>\n<!-- \/ Yoast SEO plugin. -->","yoast_head_json":{"title":"Legal information - Curo","robots":{"index":"index","follow":"follow","max-snippet":"max-snippet:-1","max-image-preview":"max-image-preview:large","max-video-preview":"max-video-preview:-1"},"canonical":"https:\/\/curo.fr\/en\/legal-information\/","og_locale":"en_GB","og_type":"article","og_title":"Mentions l\u00e9gales - Curo","og_description":"Conform\u00e9ment aux dispositions de la loi n\u00b0 2004-575 du 21 juin 2004 pour la confiance en l&rsquo;\u00e9conomie num\u00e9rique, il est pr\u00e9cis\u00e9 aux utilisateurs du site CURO l&rsquo;identit\u00e9 des diff\u00e9rents intervenants dans le cadre de sa r\u00e9alisation et de son suivi. Edition du site&nbsp; Le pr\u00e9sent site, accessible \u00e0 l\u2019URL https:\/\/curo.fr (le \u00ab Site \u00bb), est ... Read more","og_url":"https:\/\/curo.fr\/en\/legal-information\/","og_site_name":"Curo","article_modified_time":"2025-01-25T21:04:20+00:00","twitter_card":"summary_large_image","twitter_misc":{"Estimated reading time":"2 minutes"},"schema":{"@context":"https:\/\/schema.org","@graph":[{"@type":"WebPage","@id":"https:\/\/curo.fr\/mentions-legales\/","url":"https:\/\/curo.fr\/mentions-legales\/","name":"Legal information - Curo","isPartOf":{"@id":"https:\/\/curo.fr\/#website"},"datePublished":"2024-08-28T08:25:37+00:00","dateModified":"2025-01-25T21:04:20+00:00","breadcrumb":{"@id":"https:\/\/curo.fr\/mentions-legales\/#breadcrumb"},"inLanguage":"en-GB","potentialAction":[{"@type":"ReadAction","target":["https:\/\/curo.fr\/mentions-legales\/"]}]},{"@type":"BreadcrumbList","@id":"https:\/\/curo.fr\/mentions-legales\/#breadcrumb","itemListElement":[{"@type":"ListItem","position":1,"name":"Home","item":"https:\/\/curo.fr\/"},{"@type":"ListItem","position":2,"name":"Mentions l\u00e9gales"}]},{"@type":"WebSite","@id":"https:\/\/curo.fr\/#website","url":"https:\/\/curo.fr\/","name":"Curo","description":"","publisher":{"@id":"https:\/\/curo.fr\/#organization"},"potentialAction":[{"@type":"SearchAction","target":{"@type":"EntryPoint","urlTemplate":"https:\/\/curo.fr\/?s={search_term_string}"},"query-input":{"@type":"PropertyValueSpecification","valueRequired":true,"valueName":"search_term_string"}}],"inLanguage":"en-GB"},{"@type":"Organization","@id":"https:\/\/curo.fr\/#organization","name":"Curo","url":"https:\/\/curo.fr\/","logo":{"@type":"ImageObject","inLanguage":"en-GB","@id":"https:\/\/curo.fr\/#\/schema\/logo\/image\/","url":"https:\/\/curo.fr\/wp-content\/uploads\/2024\/10\/logo.png","contentUrl":"https:\/\/curo.fr\/wp-content\/uploads\/2024\/10\/logo.png","width":390,"height":390,"caption":"Curo"},"image":{"@id":"https:\/\/curo.fr\/#\/schema\/logo\/image\/"}}]}},"_links":{"self":[{"href":"https:\/\/curo.fr\/en\/wp-json\/wp\/v2\/pages\/3","targetHints":{"allow":["GET"]}}],"collection":[{"href":"https:\/\/curo.fr\/en\/wp-json\/wp\/v2\/pages"}],"about":[{"href":"https:\/\/curo.fr\/en\/wp-json\/wp\/v2\/types\/page"}],"author":[{"embeddable":true,"href":"https:\/\/curo.fr\/en\/wp-json\/wp\/v2\/users\/1"}],"replies":[{"embeddable":true,"href":"https:\/\/curo.fr\/en\/wp-json\/wp\/v2\/comments?post=3"}],"version-history":[{"count":8,"href":"https:\/\/curo.fr\/en\/wp-json\/wp\/v2\/pages\/3\/revisions"}],"predecessor-version":[{"id":2017,"href":"https:\/\/curo.fr\/en\/wp-json\/wp\/v2\/pages\/3\/revisions\/2017"}],"wp:attachment":[{"href":"https:\/\/curo.fr\/en\/wp-json\/wp\/v2\/media?parent=3"}],"curies":[{"name":"wp","href":"https:\/\/api.w.org\/{rel}","templated":true}]}}