{"id":3,"date":"2024-08-28T08:25:37","date_gmt":"2024-08-28T08:25:37","guid":{"rendered":"http:\/\/curo.fr\/?page_id=3"},"modified":"2025-01-25T21:04:20","modified_gmt":"2025-01-25T21:04:20","slug":"rechtliche-hinweise","status":"publish","type":"page","link":"https:\/\/curo.fr\/de\/mentions-legales\/","title":{"rendered":"Rechtliche Hinweise"},"content":{"rendered":"<p>Gem\u00e4\u00df den Bestimmungen des Gesetzes Nr. 2004-575 vom 21. Juni 2004 \u00fcber das Vertrauen in die digitale Wirtschaft wird den Nutzern der CURO-Website die Identit\u00e4t der verschiedenen Akteure im Rahmen der Erstellung und Betreuung der Website mitgeteilt.<\/p>\n\n\n\n<h2 class=\"gb-headline gb-headline-a109d136 gb-headline-text\"><strong>Bearbeiten der Seite&nbsp;<\/strong><\/h2>\n\n\n\n<p>Die vorliegende Website, die unter der URL <a href=\"https:\/\/curo.fr\/de\/\">https:\/\/curo.fr<\/a> (die \"Seite\"), wird herausgegeben von :<br>DDIGITAL , Gesellschaft mit einem Kapital von 300 Euro, eingetragen im Handelsregister von NANTERRE unter der Nummer Nanterre B 909 520 884, mit Firmensitz in 41 rue Jean Bonal, 92250 La Garenne-Colombes, vertreten durch Dylan SCHREIER mit entsprechender Vollmacht.<br>Die individuelle Umsatzsteuernummer des Herausgebers lautet: FR00909520884.<\/p>\n\n\n\n<h2 class=\"gb-headline gb-headline-9f7a8178 gb-headline-text\"><strong>Unterkunft<\/strong><\/h2>\n\n\n\n<p>Die Website wird von der Firma Hostinger International LTD mit Sitz in 61 Lordou Vironos Street, 6023 Larnaca, Zypern, gehostet, die auf folgendem Weg erreichbar ist:&nbsp;<a href=\"https:\/\/www.hostinger.fr\/contact\" target=\"_blank\" rel=\"noreferrer noopener\">https:\/\/www.hostinger.fr\/contact<\/a> (Telefon- oder E-Mail-Kontakt: https:\/\/www.hostinger.fr\/contact).<\/p>\n\n\n\n<h2 class=\"gb-headline gb-headline-a56c637c gb-headline-text\"><strong>Leiter der Ver\u00f6ffentlichung&nbsp;<\/strong><\/h2>\n\n\n\n<p>Der Leiter der Ver\u00f6ffentlichung der Website ist Dylan SCHREIER .<\/p>\n\n\n\n<h2 class=\"gb-headline gb-headline-6beed3a1 gb-headline-text\"><strong>Kontaktieren Sie uns&nbsp;<\/strong><\/h2>\n\n\n\n<p>Par email\u00a0: hello@ddigital.fr<br>Par courrier\u00a0: DDIGITAL, 41 rue Jean Bonal, 92250 La Garenne-Colombes<\/p>\n\n\n\n<h2 class=\"gb-headline gb-headline-d6e6d6fc gb-headline-text\"><strong>Pers\u00f6nliche Daten<\/strong><\/h2>\n\n\n\n<p>Die Verarbeitung Ihrer personenbezogenen Daten unterliegt gem\u00e4\u00df der Allgemeinen Datenschutzverordnung 2016\/679 vom 27. April 2016 (\"DSGVO\") unserer Datenschutzrichtlinie, die im Abschnitt \"Datenschutzrichtlinie\" abrufbar ist.<\/p>\n\n\n\n<p>Generierung des Impressums durch <a href=\"https:\/\/www.legalstart.fr\/\">Legalstart<\/a>.<\/p>","protected":false},"excerpt":{"rendered":"<p>Conform\u00e9ment aux dispositions de la loi n\u00b0 2004-575 du 21 juin 2004 pour la confiance en l&rsquo;\u00e9conomie num\u00e9rique, il est pr\u00e9cis\u00e9 aux utilisateurs du site CURO l&rsquo;identit\u00e9 des diff\u00e9rents intervenants dans le cadre de sa r\u00e9alisation et de son suivi. Edition du site&nbsp; Le pr\u00e9sent site, accessible \u00e0 l\u2019URL https:\/\/curo.fr (le \u00ab Site \u00bb), est &#8230; <a title=\"Rechtliche Hinweise\" class=\"read-more\" href=\"https:\/\/curo.fr\/de\/mentions-legales\/\" aria-label=\"Mehr Informationen \u00fcber Mentions l\u00e9gales\">Weiterlesen &#8230;<\/a><\/p>","protected":false},"author":1,"featured_media":0,"parent":0,"menu_order":0,"comment_status":"closed","ping_status":"open","template":"","meta":{"footnotes":""},"class_list":["post-3","page","type-page","status-publish"],"yoast_head":"<!-- This site is optimized with the Yoast SEO plugin v27.2 - https:\/\/yoast.com\/product\/yoast-seo-wordpress\/ -->\n<title>Mentions l\u00e9gales - Curo<\/title>\n<meta name=\"robots\" content=\"index, follow, max-snippet:-1, max-image-preview:large, max-video-preview:-1\" \/>\n<link rel=\"canonical\" href=\"https:\/\/curo.fr\/de\/rechtliche-hinweise\/\" \/>\n<meta property=\"og:locale\" content=\"de_DE\" \/>\n<meta property=\"og:type\" content=\"article\" \/>\n<meta property=\"og:title\" content=\"Mentions l\u00e9gales - Curo\" \/>\n<meta property=\"og:description\" content=\"Conform\u00e9ment aux dispositions de la loi n\u00b0 2004-575 du 21 juin 2004 pour la confiance en l&rsquo;\u00e9conomie num\u00e9rique, il est pr\u00e9cis\u00e9 aux utilisateurs du site CURO l&rsquo;identit\u00e9 des diff\u00e9rents intervenants dans le cadre de sa r\u00e9alisation et de son suivi. Edition du site&nbsp; Le pr\u00e9sent site, accessible \u00e0 l\u2019URL https:\/\/curo.fr (le \u00ab Site \u00bb), est ... Weiterlesen ...\" \/>\n<meta property=\"og:url\" content=\"https:\/\/curo.fr\/de\/rechtliche-hinweise\/\" \/>\n<meta property=\"og:site_name\" content=\"Curo\" \/>\n<meta property=\"article:modified_time\" content=\"2025-01-25T21:04:20+00:00\" \/>\n<meta name=\"twitter:card\" content=\"summary_large_image\" \/>\n<meta name=\"twitter:label1\" content=\"Gesch\u00e4tzte Lesezeit\" \/>\n\t<meta name=\"twitter:data1\" content=\"2\u00a0Minuten\" \/>\n<script type=\"application\/ld+json\" class=\"yoast-schema-graph\">{\"@context\":\"https:\/\/schema.org\",\"@graph\":[{\"@type\":\"WebPage\",\"@id\":\"https:\/\/curo.fr\/mentions-legales\/\",\"url\":\"https:\/\/curo.fr\/mentions-legales\/\",\"name\":\"Mentions l\u00e9gales - Curo\",\"isPartOf\":{\"@id\":\"https:\/\/curo.fr\/#website\"},\"datePublished\":\"2024-08-28T08:25:37+00:00\",\"dateModified\":\"2025-01-25T21:04:20+00:00\",\"breadcrumb\":{\"@id\":\"https:\/\/curo.fr\/mentions-legales\/#breadcrumb\"},\"inLanguage\":\"de\",\"potentialAction\":[{\"@type\":\"ReadAction\",\"target\":[\"https:\/\/curo.fr\/mentions-legales\/\"]}]},{\"@type\":\"BreadcrumbList\",\"@id\":\"https:\/\/curo.fr\/mentions-legales\/#breadcrumb\",\"itemListElement\":[{\"@type\":\"ListItem\",\"position\":1,\"name\":\"Home\",\"item\":\"https:\/\/curo.fr\/\"},{\"@type\":\"ListItem\",\"position\":2,\"name\":\"Mentions l\u00e9gales\"}]},{\"@type\":\"WebSite\",\"@id\":\"https:\/\/curo.fr\/#website\",\"url\":\"https:\/\/curo.fr\/\",\"name\":\"Curo\",\"description\":\"\",\"publisher\":{\"@id\":\"https:\/\/curo.fr\/#organization\"},\"potentialAction\":[{\"@type\":\"SearchAction\",\"target\":{\"@type\":\"EntryPoint\",\"urlTemplate\":\"https:\/\/curo.fr\/?s={search_term_string}\"},\"query-input\":{\"@type\":\"PropertyValueSpecification\",\"valueRequired\":true,\"valueName\":\"search_term_string\"}}],\"inLanguage\":\"de\"},{\"@type\":\"Organization\",\"@id\":\"https:\/\/curo.fr\/#organization\",\"name\":\"Curo\",\"url\":\"https:\/\/curo.fr\/\",\"logo\":{\"@type\":\"ImageObject\",\"inLanguage\":\"de\",\"@id\":\"https:\/\/curo.fr\/#\/schema\/logo\/image\/\",\"url\":\"https:\/\/curo.fr\/wp-content\/uploads\/2024\/10\/logo.png\",\"contentUrl\":\"https:\/\/curo.fr\/wp-content\/uploads\/2024\/10\/logo.png\",\"width\":390,\"height\":390,\"caption\":\"Curo\"},\"image\":{\"@id\":\"https:\/\/curo.fr\/#\/schema\/logo\/image\/\"}}]}<\/script>\n<!-- \/ Yoast SEO plugin. -->","yoast_head_json":{"title":"Rechtliche Hinweise - Curo","robots":{"index":"index","follow":"follow","max-snippet":"max-snippet:-1","max-image-preview":"max-image-preview:large","max-video-preview":"max-video-preview:-1"},"canonical":"https:\/\/curo.fr\/de\/rechtliche-hinweise\/","og_locale":"de_DE","og_type":"article","og_title":"Mentions l\u00e9gales - Curo","og_description":"Conform\u00e9ment aux dispositions de la loi n\u00b0 2004-575 du 21 juin 2004 pour la confiance en l&rsquo;\u00e9conomie num\u00e9rique, il est pr\u00e9cis\u00e9 aux utilisateurs du site CURO l&rsquo;identit\u00e9 des diff\u00e9rents intervenants dans le cadre de sa r\u00e9alisation et de son suivi. Edition du site&nbsp; Le pr\u00e9sent site, accessible \u00e0 l\u2019URL https:\/\/curo.fr (le \u00ab Site \u00bb), est ... Weiterlesen ...","og_url":"https:\/\/curo.fr\/de\/rechtliche-hinweise\/","og_site_name":"Curo","article_modified_time":"2025-01-25T21:04:20+00:00","twitter_card":"summary_large_image","twitter_misc":{"Gesch\u00e4tzte Lesezeit":"2\u00a0Minuten"},"schema":{"@context":"https:\/\/schema.org","@graph":[{"@type":"WebPage","@id":"https:\/\/curo.fr\/mentions-legales\/","url":"https:\/\/curo.fr\/mentions-legales\/","name":"Rechtliche Hinweise - Curo","isPartOf":{"@id":"https:\/\/curo.fr\/#website"},"datePublished":"2024-08-28T08:25:37+00:00","dateModified":"2025-01-25T21:04:20+00:00","breadcrumb":{"@id":"https:\/\/curo.fr\/mentions-legales\/#breadcrumb"},"inLanguage":"de","potentialAction":[{"@type":"ReadAction","target":["https:\/\/curo.fr\/mentions-legales\/"]}]},{"@type":"BreadcrumbList","@id":"https:\/\/curo.fr\/mentions-legales\/#breadcrumb","itemListElement":[{"@type":"ListItem","position":1,"name":"Home","item":"https:\/\/curo.fr\/"},{"@type":"ListItem","position":2,"name":"Mentions l\u00e9gales"}]},{"@type":"WebSite","@id":"https:\/\/curo.fr\/#website","url":"https:\/\/curo.fr\/","name":"Curo","description":"","publisher":{"@id":"https:\/\/curo.fr\/#organization"},"potentialAction":[{"@type":"SearchAction","target":{"@type":"EntryPoint","urlTemplate":"https:\/\/curo.fr\/?s={search_term_string}"},"query-input":{"@type":"PropertyValueSpecification","valueRequired":true,"valueName":"search_term_string"}}],"inLanguage":"de"},{"@type":"Organization","@id":"https:\/\/curo.fr\/#organization","name":"Curo","url":"https:\/\/curo.fr\/","logo":{"@type":"ImageObject","inLanguage":"de","@id":"https:\/\/curo.fr\/#\/schema\/logo\/image\/","url":"https:\/\/curo.fr\/wp-content\/uploads\/2024\/10\/logo.png","contentUrl":"https:\/\/curo.fr\/wp-content\/uploads\/2024\/10\/logo.png","width":390,"height":390,"caption":"Curo"},"image":{"@id":"https:\/\/curo.fr\/#\/schema\/logo\/image\/"}}]}},"_links":{"self":[{"href":"https:\/\/curo.fr\/de\/wp-json\/wp\/v2\/pages\/3","targetHints":{"allow":["GET"]}}],"collection":[{"href":"https:\/\/curo.fr\/de\/wp-json\/wp\/v2\/pages"}],"about":[{"href":"https:\/\/curo.fr\/de\/wp-json\/wp\/v2\/types\/page"}],"author":[{"embeddable":true,"href":"https:\/\/curo.fr\/de\/wp-json\/wp\/v2\/users\/1"}],"replies":[{"embeddable":true,"href":"https:\/\/curo.fr\/de\/wp-json\/wp\/v2\/comments?post=3"}],"version-history":[{"count":8,"href":"https:\/\/curo.fr\/de\/wp-json\/wp\/v2\/pages\/3\/revisions"}],"predecessor-version":[{"id":2017,"href":"https:\/\/curo.fr\/de\/wp-json\/wp\/v2\/pages\/3\/revisions\/2017"}],"wp:attachment":[{"href":"https:\/\/curo.fr\/de\/wp-json\/wp\/v2\/media?parent=3"}],"curies":[{"name":"wp","href":"https:\/\/api.w.org\/{rel}","templated":true}]}}